{"id":34795,"date":"2021-02-24T08:30:46","date_gmt":"2021-02-24T08:30:46","guid":{"rendered":"https:\/\/steffiehornigequineart.com\/versand-rueckgabe\/"},"modified":"2023-06-29T15:08:59","modified_gmt":"2023-06-29T15:08:59","slug":"versand-rueckgabe","status":"publish","type":"page","link":"https:\/\/steffiehornigequineart.com\/de\/versand-rueckgabe\/","title":{"rendered":"Versand &amp; R\u00fcckgabe"},"content":{"rendered":"\n<h2 class=\"wp-block-heading\">Lieferoptionen<\/h2>\n\n<p>Alle Produkte werden sorgf\u00e4ltig \u00fcber die Post versandt. Sie erhalten dann eine Auftragsbest\u00e4tigung per E-Mail. Bitte beachten Sie, dass der Versand in der Regel etwa 4 Tage dauert, je nach Ihrem Standort. Wir werden immer unser Bestes tun, um Ihre Bestellungen so schnell wie m\u00f6glich auszuliefern.<\/p>\n\n<p>\u200b<\/p>\n\n<p><strong>Internationaler Versand:<\/strong> Der Versand ist weltweit m\u00f6glich &#8211; ich werde von Fall zu Fall pr\u00fcfen, welcher Anbieter das Paket am zuverl\u00e4ssigsten und besten zustellen kann. <\/p>\n\n<p>Hinweis: Bei internationalen Bestellungen kommt es aufgrund von COVID-19 und Zollbestimmungen zu Verz\u00f6gerungen.<\/p>\n\n<p>\u200b<\/p>\n\n<p><strong>Auftragsarbeiten:<\/strong> Die Zahlungen f\u00fcr Auftragsarbeiten werden in zwei Raten aufgeteilt: 40 % im Voraus und 60 % nach Abschluss. Normalerweise dauert es etwa 3 Wochen, bis Ihr Auftrag fertig ist, aber ich werde mich mit Ihnen in Verbindung setzen, um die Einzelheiten zu besprechen.<\/p>\n\n<p><\/p>\n\n<p><strong>Z\u00f6lle und Steuern: <\/strong>Kunden sind f\u00fcr die Zahlung aller Z\u00f6lle, Steuern und sonstigen Geb\u00fchren verantwortlich, die erhoben werden, sobald Ihr Paket das Bestimmungsland erreicht. Die Z\u00f6lle auf Waren variieren je nach Land. Je nach Artikel k\u00f6nnen auch andere Geb\u00fchren und Z\u00f6lle anfallen. Die Zollgeb\u00fchren werden bei R\u00fccksendungen jeglicher Art nicht erstattet. F\u00fcr weitere Informationen wenden Sie sich bitte an Ihr \u00f6rtliches Zollamt. <\/p>\n\n<p>\u200b<\/p>\n\n<p><strong>Expeditiver Versand:<\/strong> Interessiert an beschleunigtem Versand? Bitte senden Sie uns eine E-Mail<\/p>\n\n<p>\u200b<\/p>\n\n<p>Wir sind nicht verantwortlich f\u00fcr Pakete, die an eine falsche Adresse geliefert werden, weil der Kunde eine falsche oder unvollst\u00e4ndige Lieferadresse angegeben hat.<\/p>\n\n<p>\u200b<\/p>\n\n<h2 class=\"wp-block-heading\">R\u00dcCKGABE<\/h2>\n\n<p>Aufgrund des exklusiven und handgefertigten Charakters der Produkte ist eine R\u00fcckgabe oder ein Umtausch nicht m\u00f6glich. Wenn Ihr Artikel w\u00e4hrend des Versands verloren geht oder bei der Ankunft besch\u00e4digt oder fehlerhaft ist, wird Ihnen ein Ersatzartikel angeboten. <\/p>\n\n<p>\u200b<\/p>\n\n<p>Bei unsachgem\u00e4\u00dfem Gebrauch, allgemeiner Abnutzung, fehlerhafter Anwendung oder unsachgem\u00e4\u00dfer Pflege k\u00f6nnen wir keine Artikel ersetzen. <\/p>\n","protected":false},"excerpt":{"rendered":"<p>Lieferoptionen Alle Produkte werden sorgf\u00e4ltig \u00fcber die Post versandt. Sie erhalten dann eine Auftragsbest\u00e4tigung per E-Mail. Bitte beachten Sie, dass der Versand in der Regel etwa 4 Tage dauert, je nach Ihrem Standort. Wir werden immer unser Bestes tun, um [&hellip;]<\/p>\n","protected":false},"author":1,"featured_media":0,"parent":0,"menu_order":0,"comment_status":"closed","ping_status":"closed","template":"","meta":{"_coblocks_attr":"","_coblocks_dimensions":"","_coblocks_responsive_height":"","_coblocks_accordion_ie_support":"","inline_featured_image":false,"footnotes":""},"class_list":["post-34795","page","type-page","status-publish","hentry"],"yoast_head":"<!-- This site is optimized with the Yoast SEO plugin v27.6 - https:\/\/yoast.com\/product\/yoast-seo-wordpress\/ -->\n<title>Versand &amp; R\u00fcckgabe - Steffie Hornig Equine Art<\/title>\n<meta name=\"robots\" content=\"index, follow, max-snippet:-1, max-image-preview:large, max-video-preview:-1\" \/>\n<link rel=\"canonical\" href=\"https:\/\/steffiehornigequineart.com\/de\/versand-rueckgabe\/\" \/>\n<meta property=\"og:locale\" content=\"de_DE\" \/>\n<meta property=\"og:type\" content=\"article\" \/>\n<meta property=\"og:title\" content=\"Versand &amp; R\u00fcckgabe - Steffie Hornig Equine Art\" \/>\n<meta property=\"og:description\" content=\"Lieferoptionen Alle Produkte werden sorgf\u00e4ltig \u00fcber die Post versandt. Sie erhalten dann eine Auftragsbest\u00e4tigung per E-Mail. Bitte beachten Sie, dass der Versand in der Regel etwa 4 Tage dauert, je nach Ihrem Standort. Wir werden immer unser Bestes tun, um [&hellip;]\" \/>\n<meta property=\"og:url\" content=\"https:\/\/steffiehornigequineart.com\/de\/versand-rueckgabe\/\" \/>\n<meta property=\"og:site_name\" content=\"Steffie Hornig Equine Art\" \/>\n<meta property=\"article:publisher\" content=\"https:\/\/www.facebook.com\/steffiehornigequineart\/\" \/>\n<meta property=\"article:modified_time\" content=\"2023-06-29T15:08:59+00:00\" \/>\n<meta property=\"og:image\" content=\"https:\/\/steffiehornigequineart.com\/wp-content\/uploads\/2024\/01\/220822SH_MClark179-copy.jpg\" \/>\n\t<meta property=\"og:image:width\" content=\"2500\" \/>\n\t<meta property=\"og:image:height\" content=\"1667\" \/>\n\t<meta property=\"og:image:type\" content=\"image\/jpeg\" \/>\n<meta name=\"twitter:card\" content=\"summary_large_image\" \/>\n<meta name=\"twitter:label1\" content=\"Gesch\u00e4tzte Lesezeit\" \/>\n\t<meta name=\"twitter:data1\" content=\"2\u00a0Minuten\" \/>\n<script type=\"application\/ld+json\" class=\"yoast-schema-graph\">{\"@context\":\"https:\\\/\\\/schema.org\",\"@graph\":[{\"@type\":\"WebPage\",\"@id\":\"https:\\\/\\\/steffiehornigequineart.com\\\/de\\\/versand-rueckgabe\\\/\",\"url\":\"https:\\\/\\\/steffiehornigequineart.com\\\/de\\\/versand-rueckgabe\\\/\",\"name\":\"Versand &amp; R\u00fcckgabe - Steffie Hornig Equine Art\",\"isPartOf\":{\"@id\":\"https:\\\/\\\/steffiehornigequineart.com\\\/de\\\/#website\"},\"datePublished\":\"2021-02-24T08:30:46+00:00\",\"dateModified\":\"2023-06-29T15:08:59+00:00\",\"breadcrumb\":{\"@id\":\"https:\\\/\\\/steffiehornigequineart.com\\\/de\\\/versand-rueckgabe\\\/#breadcrumb\"},\"inLanguage\":\"de\",\"potentialAction\":[{\"@type\":\"ReadAction\",\"target\":[\"https:\\\/\\\/steffiehornigequineart.com\\\/de\\\/versand-rueckgabe\\\/\"]}]},{\"@type\":\"BreadcrumbList\",\"@id\":\"https:\\\/\\\/steffiehornigequineart.com\\\/de\\\/versand-rueckgabe\\\/#breadcrumb\",\"itemListElement\":[{\"@type\":\"ListItem\",\"position\":1,\"name\":\"Home\",\"item\":\"https:\\\/\\\/steffiehornigequineart.com\\\/de\\\/startseite\\\/\"},{\"@type\":\"ListItem\",\"position\":2,\"name\":\"Versand &amp; R\u00fcckgabe\"}]},{\"@type\":\"WebSite\",\"@id\":\"https:\\\/\\\/steffiehornigequineart.com\\\/de\\\/#website\",\"url\":\"https:\\\/\\\/steffiehornigequineart.com\\\/de\\\/\",\"name\":\"Steffie Hornig Equine Art\",\"description\":\"Capturing equine emotions in art\",\"publisher\":{\"@id\":\"https:\\\/\\\/steffiehornigequineart.com\\\/de\\\/#organization\"},\"potentialAction\":[{\"@type\":\"SearchAction\",\"target\":{\"@type\":\"EntryPoint\",\"urlTemplate\":\"https:\\\/\\\/steffiehornigequineart.com\\\/de\\\/?s={search_term_string}\"},\"query-input\":{\"@type\":\"PropertyValueSpecification\",\"valueRequired\":true,\"valueName\":\"search_term_string\"}}],\"inLanguage\":\"de\"},{\"@type\":\"Organization\",\"@id\":\"https:\\\/\\\/steffiehornigequineart.com\\\/de\\\/#organization\",\"name\":\"Steffie Hornig Equine Art\",\"url\":\"https:\\\/\\\/steffiehornigequineart.com\\\/de\\\/\",\"logo\":{\"@type\":\"ImageObject\",\"inLanguage\":\"de\",\"@id\":\"https:\\\/\\\/steffiehornigequineart.com\\\/de\\\/#\\\/schema\\\/logo\\\/image\\\/\",\"url\":\"https:\\\/\\\/steffiehornigequineart.com\\\/wp-content\\\/uploads\\\/2021\\\/03\\\/square-logo-1-e1616492118962.png\",\"contentUrl\":\"https:\\\/\\\/steffiehornigequineart.com\\\/wp-content\\\/uploads\\\/2021\\\/03\\\/square-logo-1-e1616492118962.png\",\"width\":150,\"height\":150,\"caption\":\"Steffie Hornig Equine Art\"},\"image\":{\"@id\":\"https:\\\/\\\/steffiehornigequineart.com\\\/de\\\/#\\\/schema\\\/logo\\\/image\\\/\"},\"sameAs\":[\"https:\\\/\\\/www.facebook.com\\\/steffiehornigequineart\\\/\",\"https:\\\/\\\/www.instagram.com\\\/steffiehornigequineart\\\/\",\"https:\\\/\\\/www.pinterest.de\\\/steffiehornigequineart\\\/_created\\\/\"]}]}<\/script>\n<!-- \/ Yoast SEO plugin. -->","yoast_head_json":{"title":"Versand &amp; R\u00fcckgabe - Steffie Hornig Equine Art","robots":{"index":"index","follow":"follow","max-snippet":"max-snippet:-1","max-image-preview":"max-image-preview:large","max-video-preview":"max-video-preview:-1"},"canonical":"https:\/\/steffiehornigequineart.com\/de\/versand-rueckgabe\/","og_locale":"de_DE","og_type":"article","og_title":"Versand &amp; R\u00fcckgabe - Steffie Hornig Equine Art","og_description":"Lieferoptionen Alle Produkte werden sorgf\u00e4ltig \u00fcber die Post versandt. Sie erhalten dann eine Auftragsbest\u00e4tigung per E-Mail. Bitte beachten Sie, dass der Versand in der Regel etwa 4 Tage dauert, je nach Ihrem Standort. Wir werden immer unser Bestes tun, um [&hellip;]","og_url":"https:\/\/steffiehornigequineart.com\/de\/versand-rueckgabe\/","og_site_name":"Steffie Hornig Equine Art","article_publisher":"https:\/\/www.facebook.com\/steffiehornigequineart\/","article_modified_time":"2023-06-29T15:08:59+00:00","og_image":[{"width":2500,"height":1667,"url":"https:\/\/steffiehornigequineart.com\/wp-content\/uploads\/2024\/01\/220822SH_MClark179-copy.jpg","type":"image\/jpeg"}],"twitter_card":"summary_large_image","twitter_misc":{"Gesch\u00e4tzte Lesezeit":"2\u00a0Minuten"},"schema":{"@context":"https:\/\/schema.org","@graph":[{"@type":"WebPage","@id":"https:\/\/steffiehornigequineart.com\/de\/versand-rueckgabe\/","url":"https:\/\/steffiehornigequineart.com\/de\/versand-rueckgabe\/","name":"Versand &amp; R\u00fcckgabe - Steffie Hornig Equine Art","isPartOf":{"@id":"https:\/\/steffiehornigequineart.com\/de\/#website"},"datePublished":"2021-02-24T08:30:46+00:00","dateModified":"2023-06-29T15:08:59+00:00","breadcrumb":{"@id":"https:\/\/steffiehornigequineart.com\/de\/versand-rueckgabe\/#breadcrumb"},"inLanguage":"de","potentialAction":[{"@type":"ReadAction","target":["https:\/\/steffiehornigequineart.com\/de\/versand-rueckgabe\/"]}]},{"@type":"BreadcrumbList","@id":"https:\/\/steffiehornigequineart.com\/de\/versand-rueckgabe\/#breadcrumb","itemListElement":[{"@type":"ListItem","position":1,"name":"Home","item":"https:\/\/steffiehornigequineart.com\/de\/startseite\/"},{"@type":"ListItem","position":2,"name":"Versand &amp; R\u00fcckgabe"}]},{"@type":"WebSite","@id":"https:\/\/steffiehornigequineart.com\/de\/#website","url":"https:\/\/steffiehornigequineart.com\/de\/","name":"Steffie Hornig Equine Art","description":"Capturing equine emotions in art","publisher":{"@id":"https:\/\/steffiehornigequineart.com\/de\/#organization"},"potentialAction":[{"@type":"SearchAction","target":{"@type":"EntryPoint","urlTemplate":"https:\/\/steffiehornigequineart.com\/de\/?s={search_term_string}"},"query-input":{"@type":"PropertyValueSpecification","valueRequired":true,"valueName":"search_term_string"}}],"inLanguage":"de"},{"@type":"Organization","@id":"https:\/\/steffiehornigequineart.com\/de\/#organization","name":"Steffie Hornig Equine Art","url":"https:\/\/steffiehornigequineart.com\/de\/","logo":{"@type":"ImageObject","inLanguage":"de","@id":"https:\/\/steffiehornigequineart.com\/de\/#\/schema\/logo\/image\/","url":"https:\/\/steffiehornigequineart.com\/wp-content\/uploads\/2021\/03\/square-logo-1-e1616492118962.png","contentUrl":"https:\/\/steffiehornigequineart.com\/wp-content\/uploads\/2021\/03\/square-logo-1-e1616492118962.png","width":150,"height":150,"caption":"Steffie Hornig Equine Art"},"image":{"@id":"https:\/\/steffiehornigequineart.com\/de\/#\/schema\/logo\/image\/"},"sameAs":["https:\/\/www.facebook.com\/steffiehornigequineart\/","https:\/\/www.instagram.com\/steffiehornigequineart\/","https:\/\/www.pinterest.de\/steffiehornigequineart\/_created\/"]}]}},"_links":{"self":[{"href":"https:\/\/steffiehornigequineart.com\/de\/wp-json\/wp\/v2\/pages\/34795","targetHints":{"allow":["GET"]}}],"collection":[{"href":"https:\/\/steffiehornigequineart.com\/de\/wp-json\/wp\/v2\/pages"}],"about":[{"href":"https:\/\/steffiehornigequineart.com\/de\/wp-json\/wp\/v2\/types\/page"}],"author":[{"embeddable":true,"href":"https:\/\/steffiehornigequineart.com\/de\/wp-json\/wp\/v2\/users\/1"}],"replies":[{"embeddable":true,"href":"https:\/\/steffiehornigequineart.com\/de\/wp-json\/wp\/v2\/comments?post=34795"}],"version-history":[{"count":1,"href":"https:\/\/steffiehornigequineart.com\/de\/wp-json\/wp\/v2\/pages\/34795\/revisions"}],"predecessor-version":[{"id":34796,"href":"https:\/\/steffiehornigequineart.com\/de\/wp-json\/wp\/v2\/pages\/34795\/revisions\/34796"}],"wp:attachment":[{"href":"https:\/\/steffiehornigequineart.com\/de\/wp-json\/wp\/v2\/media?parent=34795"}],"curies":[{"name":"wp","href":"https:\/\/api.w.org\/{rel}","templated":true}]}}